{"id":8943,"date":"2025-10-04T16:25:09","date_gmt":"2025-10-04T14:25:09","guid":{"rendered":"https:\/\/pesto.bg\/shop\/?post_type=product&#038;p=8441"},"modified":"2026-02-17T13:44:27","modified_gmt":"2026-02-17T12:44:27","slug":"crescenza-val-daveto-stracchino-a-sofia","status":"publish","type":"product","link":"https:\/\/pesto.bg\/shop\/en\/shop\/italian-cheeses\/crescenza-val-daveto-stracchino-a-sofia\/","title":{"rendered":"Crescenza Val D&#8217;Aveto"},"content":{"rendered":"<h1 class=\"mucca\">Crescenza<\/h1>\n<h3><\/h3>\n<div class=\"descrizione-prodotto-mod\">\n<p>Formaggio soffice e spalmabile. Consumato semplice per apprezzarne le caratteristiche di freschezza \u00e8 usato anche cotto per diverse <a href=\"https:\/\/www.caseificiovaldaveto.com\/ricette-formaggi-yogurt\/\" rel=\"noopener\">ricette<\/a>: sfoglie gustose o ricchi primi piatti. Il suo particolare gusto racconta la genuinit\u00e0 del nostro latte.<\/p>\n<div class=\"titolo-descrizione-prodotto\">Descrizione prodotto<\/div>\n<div class=\"titoletti-descrizione-prodotto\">Composizione:<\/div>\n<p class=\"piccolo\">Latte vaccino intero pastorizzato, sale, caglio, fermenti lattici.<\/p>\n<div class=\"titoletti-descrizione-prodotto\">Stagionatura Minima:<\/div>\n<p class=\"piccolo\">Prodotto fresco.<\/p>\n<div class=\"titoletti-descrizione-prodotto\">Validit\u00e0:<\/div>\n<p class=\"piccolo\">24 gg. Dalla data di produzione.<\/p>\n<div class=\"titoletti-descrizione-prodotto\">Conservazione:<\/div>\n<p class=\"piccolo\">Conservare in frigorifero tra 0\u00b0 e +4\u00b0C.<\/p>\n<div class=\"titoletti-descrizione-prodotto\">Confezionamento:<\/div>\n<p class=\"piccolo\">Vaschetta da 250 g con fasciatura in carta alimentare.<\/p>\n<div class=\"titoletti-descrizione-prodotto\">Note:<\/div>\n<p class=\"piccolo\">Disponibile su prenotazione pani da 1 Kg circa. La nostra crescenza \u00e8 un alimento vivo: umidit\u00e0 e morbidezza sono indice di qualit\u00e0 e freschezza.<\/p>\n<\/div>\n","protected":false},"excerpt":{"rendered":"<p>Formaggio soffice e spalmabile.<\/p>\n","protected":false},"featured_media":8944,"comment_status":"open","ping_status":"closed","template":"","meta":{"inline_featured_image":false},"product_brand":[477],"product_cat":[480],"product_tag":[482,485,494,429,500],"class_list":{"0":"post-8943","1":"product","2":"type-product","3":"status-publish","4":"has-post-thumbnail","6":"product_brand-val-daveto","7":"product_cat-italian-cheeses","8":"product_tag-bulgaria","9":"product_tag-caseificio","10":"product_tag-formaggi-italiani","11":"product_tag-sofia","12":"product_tag-val-daveto","14":"first","15":"outofstock","16":"taxable","17":"shipping-taxable","18":"product-type-simple"},"supplier_id":null,"supplier_sku":"","barcode":null,"atum_controlled":true,"out_stock_date":"2026-02-17 13:44:27","out_stock_threshold":null,"inheritable":false,"inbound_stock":0,"stock_on_hold":0,"sold_today":0,"sales_last_days":0,"reserved_stock":0,"customer_returns":0,"warehouse_damage":0,"lost_in_post":0,"other_logs":0,"out_stock_days":46,"lost_sales":0,"has_location":false,"update_date":"2026-04-05T02:46:54","atum_locations":[],"atum_stock_status":"outofstock","restock_status":false,"low_stock_amount":"","sales_update_date":"2026-04-05T02:46:54","calc_backorders":null,"lang":"en","translations":{"en":8943,"it":8441,"bg":8946},"pll_sync_post":[],"_links":{"self":[{"href":"https:\/\/pesto.bg\/shop\/wp-json\/wp\/v2\/product\/8943","targetHints":{"allow":["GET"]}}],"collection":[{"href":"https:\/\/pesto.bg\/shop\/wp-json\/wp\/v2\/product"}],"about":[{"href":"https:\/\/pesto.bg\/shop\/wp-json\/wp\/v2\/types\/product"}],"replies":[{"embeddable":true,"href":"https:\/\/pesto.bg\/shop\/wp-json\/wp\/v2\/comments?post=8943"}],"wp:featuredmedia":[{"embeddable":true,"href":"https:\/\/pesto.bg\/shop\/wp-json\/wp\/v2\/media\/8944"}],"wp:attachment":[{"href":"https:\/\/pesto.bg\/shop\/wp-json\/wp\/v2\/media?parent=8943"}],"wp:term":[{"taxonomy":"product_brand","embeddable":true,"href":"https:\/\/pesto.bg\/shop\/wp-json\/wp\/v2\/product_brand?post=8943"},{"taxonomy":"product_cat","embeddable":true,"href":"https:\/\/pesto.bg\/shop\/wp-json\/wp\/v2\/product_cat?post=8943"},{"taxonomy":"product_tag","embeddable":true,"href":"https:\/\/pesto.bg\/shop\/wp-json\/wp\/v2\/product_tag?post=8943"}],"curies":[{"name":"wp","href":"https:\/\/api.w.org\/{rel}","templated":true}]}}